{"id":49085,"date":"2022-10-23T01:34:32","date_gmt":"2022-10-23T04:34:32","guid":{"rendered":"https:\/\/danidrops.com.br\/?page_id=49085"},"modified":"2022-10-31T21:05:16","modified_gmt":"2022-11-01T00:05:16","slug":"and-books","status":"publish","type":"page","link":"https:\/\/danidrops.com.br\/en\/and-books\/","title":{"rendered":"e-books"},"content":{"rendered":"<p>[ementor-template id=\u201d5315\u2033]<center><nav aria-label=\"breadcrumbs\" class=\"rank-math-breadcrumb\"><p><span class=\"last\">Start<\/span><\/p><\/nav><\/center><br \/>\n\t\t\tThere are hundreds of inspirations for you!!!<br \/>\n\t\t\t\t\t\t\t\t\t\t\t\t\t\t\t<img decoding=\"async\" width=\"707\" height=\"1000\" src=\"https:\/\/danidrops.com.br\/wp-content\/uploads\/2022\/10\/E-BOOK-Corte-de-cabelo-pixie-cut.jpg\" alt=\"E-BOOK - Pixie cut haircut\" loading=\"lazy\" srcset=\"https:\/\/danidrops.com.br\/wp-content\/uploads\/2022\/10\/E-BOOK-Corte-de-cabelo-pixie-cut.jpg 707w, https:\/\/danidrops.com.br\/wp-content\/uploads\/2022\/10\/E-BOOK-Corte-de-cabelo-pixie-cut-212x300.jpg 212w, https:\/\/danidrops.com.br\/wp-content\/uploads\/2022\/10\/E-BOOK-Corte-de-cabelo-pixie-cut-8x12.jpg 8w, https:\/\/danidrops.com.br\/wp-content\/uploads\/2022\/10\/E-BOOK-Corte-de-cabelo-pixie-cut-150x212.jpg 150w\" sizes=\"auto, (max-width: 707px) 100vw, 707px\" title=\"\"><br \/>\n\t\t\t<a role=\"button\"><br \/>\n\t\t\t\t\t\tClick And Download E-Book<br \/>\n\t\t\t\t\t<\/a><br \/>\n\t\t\t\t\t\t\t\t\t\t\t\t\t\t\t<img decoding=\"async\" width=\"724\" height=\"1024\" src=\"https:\/\/danidrops.com.br\/wp-content\/uploads\/2022\/10\/Tipos-de-Cabelo-\u2013-Liso-1A-1B-1C-ondulado-2A-2B-2C-Cacheado-3A-3B-3C-e-Crespo-4A-4B-4C-724x1024.jpg\" alt=\"Hair Types \u2013 Straight 1A, 1B, 1C, Wavy 2A, 2B, 2C, Curly 3A, 3B, 3C and Curly 4A, 4B, 4C\" loading=\"lazy\" srcset=\"https:\/\/danidrops.com.br\/wp-content\/uploads\/2022\/10\/Tipos-de-Cabelo-\u2013-Liso-1A-1B-1C-ondulado-2A-2B-2C-Cacheado-3A-3B-3C-e-Crespo-4A-4B-4C-724x1024.jpg 724w, https:\/\/danidrops.com.br\/wp-content\/uploads\/2022\/10\/Tipos-de-Cabelo-\u2013-Liso-1A-1B-1C-ondulado-2A-2B-2C-Cacheado-3A-3B-3C-e-Crespo-4A-4B-4C-212x300.jpg 212w, https:\/\/danidrops.com.br\/wp-content\/uploads\/2022\/10\/Tipos-de-Cabelo-\u2013-Liso-1A-1B-1C-ondulado-2A-2B-2C-Cacheado-3A-3B-3C-e-Crespo-4A-4B-4C-768x1086.jpg 768w, https:\/\/danidrops.com.br\/wp-content\/uploads\/2022\/10\/Tipos-de-Cabelo-\u2013-Liso-1A-1B-1C-ondulado-2A-2B-2C-Cacheado-3A-3B-3C-e-Crespo-4A-4B-4C-1086x1536.jpg 1086w, https:\/\/danidrops.com.br\/wp-content\/uploads\/2022\/10\/Tipos-de-Cabelo-\u2013-Liso-1A-1B-1C-ondulado-2A-2B-2C-Cacheado-3A-3B-3C-e-Crespo-4A-4B-4C-8x12.jpg 8w, https:\/\/danidrops.com.br\/wp-content\/uploads\/2022\/10\/Tipos-de-Cabelo-\u2013-Liso-1A-1B-1C-ondulado-2A-2B-2C-Cacheado-3A-3B-3C-e-Crespo-4A-4B-4C-150x212.jpg 150w, https:\/\/danidrops.com.br\/wp-content\/uploads\/2022\/10\/Tipos-de-Cabelo-\u2013-Liso-1A-1B-1C-ondulado-2A-2B-2C-Cacheado-3A-3B-3C-e-Crespo-4A-4B-4C.jpg 1414w\" sizes=\"auto, (max-width: 724px) 100vw, 724px\" title=\"\"><br \/>\n\t\t\t<a role=\"button\"><br \/>\n\t\t\t\t\t\tClick And Download E-Book<br \/>\n\t\t\t\t\t<\/a><br \/>\n\t\t[elementor-template id=\u201d5322\u2033]<\/p>","protected":false},"excerpt":{"rendered":"<p>[elementor-template id=&#8221;5315&#8243;] S\u00e3o centenas de inspira\u00e7\u00f5es para voc\u00ea!!! Clique E baixe o E-Book Clique E baixe o E-Book [elementor-template id=&#8221;5322&#8243;]<\/p>","protected":false},"author":1,"featured_media":0,"parent":0,"menu_order":0,"comment_status":"closed","ping_status":"closed","template":"elementor_canvas","meta":{"footnotes":""},"class_list":["post-49085","page","type-page","status-publish","hentry"],"_links":{"self":[{"href":"https:\/\/danidrops.com.br\/en\/wp-json\/wp\/v2\/pages\/49085","targetHints":{"allow":["GET"]}}],"collection":[{"href":"https:\/\/danidrops.com.br\/en\/wp-json\/wp\/v2\/pages"}],"about":[{"href":"https:\/\/danidrops.com.br\/en\/wp-json\/wp\/v2\/types\/page"}],"author":[{"embeddable":true,"href":"https:\/\/danidrops.com.br\/en\/wp-json\/wp\/v2\/users\/1"}],"replies":[{"embeddable":true,"href":"https:\/\/danidrops.com.br\/en\/wp-json\/wp\/v2\/comments?post=49085"}],"version-history":[{"count":0,"href":"https:\/\/danidrops.com.br\/en\/wp-json\/wp\/v2\/pages\/49085\/revisions"}],"wp:attachment":[{"href":"https:\/\/danidrops.com.br\/en\/wp-json\/wp\/v2\/media?parent=49085"}],"curies":[{"name":"wp","href":"https:\/\/api.w.org\/{rel}","templated":true}]}}