{"id":101512,"date":"2025-08-02T15:29:17","date_gmt":"2025-08-02T18:29:17","guid":{"rendered":"https:\/\/danidrops.com.br\/?page_id=101512"},"modified":"2025-08-02T15:29:19","modified_gmt":"2025-08-02T18:29:19","slug":"aviso-publicitario","status":"publish","type":"page","link":"https:\/\/danidrops.com.br\/es\/aviso-publicitario\/","title":{"rendered":"Aviso publicitario"},"content":{"rendered":"<h3 class=\"wp-block-heading\">INFORMACI\u00d3N GENERAL<\/h3>\n\n\n\n<p>En <strong>dani<\/strong>(<strong>moda, maquillaje, cabello, u\u00f1as y estilo de vida<\/strong>.<strong>No debe interpretarse como asesoramiento profesional, financiero, m\u00e9dico o t\u00e9cnico.<\/strong>.<\/p>\n\n\n\n<p>Al utilizar el Sitio, usted acepta este Aviso de publicidad, adem\u00e1s de nuestras <a href=\"https:\/\/danidrops.com.br\/es\/politica-de-privacidad\/\" data-type=\"link\" data-id=\"https:\/\/danidrops.com.br\/politica-de-privacidade\/\"><strong>Condiciones de uso<\/strong> y <strong>pol\u00edtica de privacidad<\/strong><\/a>. Ingreso<\/p>\n\n\n\n<h3 class=\"wp-block-heading\">DESCARGO DE RESPONSABILIDAD<\/h3>\n\n\n\n<p>El contenido de la <strong>Dani Gotas<\/strong> tiene car\u00e1cter <strong>informativo<\/strong>Si bien nos comprometemos a proporcionar informaci\u00f3n relevante, <strong>No sustituye la orientaci\u00f3n de profesionales cualificados.<\/strong>.<\/p>\n\n\n\n<h3 class=\"wp-block-heading\">ASOCIACIONES Y ENLACES DE AFILIADOS<\/h3>\n\n\n\n<p>El sitio web danidrops.com.br participa en <strong>programas de afiliados<\/strong> y se mantiene <strong>asociaciones con marcas<\/strong>.<\/p>\n\n\n\n<p>Sin embargo, esto <strong>No influye en el contenido que producimos<\/strong>S\u00f3lo recomendamos productos y servicios en los que realmente creemos. El uso de enlaces es completamente opcional. <strong>Su confianza es esencial para nosotros.<\/strong><\/p>\n\n\n\n<h3 class=\"wp-block-heading\">DIVULGACI\u00d3N DEL ANUNCIANTE<\/h3>\n\n\n\n<p>El sitio web danidrops.com.br es una plataforma <strong>independiente<\/strong>, parcialmente financiado por <strong>publicidad<\/strong>Nuestro prop\u00f3sito es ofrecer <strong>contenido gratuito, original e imparcial<\/strong> para ayudarle a tomar decisiones m\u00e1s informadas sobre su estilo.<\/p>\n\n\n\n<p>Nos esforzamos por mantener nuestro contenido actualizado y preciso. Sin embargo, entendemos que la situaci\u00f3n de cada persona es diferente. Por lo tanto, los consejos que presentamos aqu\u00ed... <strong>Puede que no se aplique perfectamente a su caso.<\/strong>Destacamos que <strong>No somos asesores financieros ni profesionales de la salud.<\/strong>.<\/p>\n\n\n\n<h3 class=\"wp-block-heading\">DIVULGACI\u00d3N EDITORIAL<\/h3>\n\n\n\n<p>Las opiniones expresadas en los art\u00edculos reflejan <strong>exclusivamente la opini\u00f3n de los autores<\/strong>Las empresas mencionadas <strong>No influya ni revise el contenido editorial<\/strong>. Sin embargo, le recomendamos que verifique la informaci\u00f3n directamente con fuentes oficiales para confirmar datos o actualizaciones.<\/p>\n\n\n\n<h3 class=\"wp-block-heading\">EXENCI\u00d3N DE GANANCIAS<\/h3>\n\n\n\n<p>En el contenido que menciona ganancias, finanzas o crecimiento profesional, destacamos que <strong>los resultados pueden variar<\/strong>Construir una carrera, un negocio o alcanzar metas requiere esfuerzo, paciencia y aprendizaje constante. <strong>No garantizamos que obtendr\u00e1 los mismos resultados mencionados.<\/strong><\/p>\n\n\n\n<h3 class=\"wp-block-heading\">CONTENIDO PATROCINADO<\/h3>\n\n\n\n<p>Ocasionalmente publicamos <strong>contenido patrocinado<\/strong>. Pueden contener informaci\u00f3n \u00fatil, pero <strong>no representan garant\u00edas de \u00e9xito<\/strong>Le recomendamos que realice su propia investigaci\u00f3n antes de tomar cualquier decisi\u00f3n basada en este tipo de contenido.<\/p>\n\n\n\n<h3 class=\"wp-block-heading\">PROYECCIONES Y EXPECTATIVAS<\/h3>\n\n\n\n<p>Algunos contenidos pueden resultar <strong>predicciones o tendencias<\/strong> sobre el comportamiento, la moda o el mercado. Estas proyecciones reflejan nuestras opiniones actuales y <strong>no deben verse como promesas<\/strong>Utilice este tipo de informaci\u00f3n sabiamente.<\/p>\n\n\n\n<h3 class=\"wp-block-heading\">SIN GARANT\u00cdAS<\/h3>\n\n\n\n<p>El contenido publicado en danidrops.com.br se ofrece <strong>&quot;C\u00f3mo est\u00e1s&quot;<\/strong>Trabajamos para garantizar que todo est\u00e9 correcto y actualizado, pero <strong>No asumimos ninguna responsabilidad por errores, omisiones o informaci\u00f3n desactualizada.<\/strong>.<\/p>\n\n\n\n<h3 class=\"wp-block-heading\">LIMITACI\u00d3N DE RESPONSABILIDAD<\/h3>\n\n\n\n<p>Al utilizar el sitio web danidrops.com.br, usted acepta que <strong>No somos responsables de p\u00e9rdidas directas o indirectas.<\/strong> ocasionados por el uso de la informaci\u00f3n, productos o servicios mencionados en el sitio web.<\/p>\n\n\n\n<h3 class=\"wp-block-heading\">CONSIDERACIONES FINALES<\/h3>\n\n\n\n<p>Nuestro compromiso es <strong>transparencia y confianza<\/strong>Nos esforzamos por ofrecer contenido relevante y honesto. Sin embargo, <strong>No brindamos consultor\u00eda personalizada de ning\u00fan tipo.<\/strong>. Siempre que tengas dudas m\u00e1s profundas, <strong>consulte a un profesional calificado<\/strong>.<\/p>\n\n\n\n<p><strong>Gracias por ser parte de la comunidad Dani Drops \ud83d\udc96<\/strong><\/p>","protected":false},"excerpt":{"rendered":"<p>INFORMACI\u00d3N GENERAL sobre Dani (moda, maquillaje, peluquer\u00eda, u\u00f1as y estilo de vida) no debe interpretarse como asesoramiento profesional, financiero, m\u00e9dico ni t\u00e9cnico. Al usar el sitio, aceptas\u2026<\/p>","protected":false},"author":1,"featured_media":0,"parent":0,"menu_order":0,"comment_status":"closed","ping_status":"closed","template":"","meta":{"footnotes":""},"class_list":["post-101512","page","type-page","status-publish","hentry"],"_links":{"self":[{"href":"https:\/\/danidrops.com.br\/es\/wp-json\/wp\/v2\/pages\/101512","targetHints":{"allow":["GET"]}}],"collection":[{"href":"https:\/\/danidrops.com.br\/es\/wp-json\/wp\/v2\/pages"}],"about":[{"href":"https:\/\/danidrops.com.br\/es\/wp-json\/wp\/v2\/types\/page"}],"author":[{"embeddable":true,"href":"https:\/\/danidrops.com.br\/es\/wp-json\/wp\/v2\/users\/1"}],"replies":[{"embeddable":true,"href":"https:\/\/danidrops.com.br\/es\/wp-json\/wp\/v2\/comments?post=101512"}],"version-history":[{"count":0,"href":"https:\/\/danidrops.com.br\/es\/wp-json\/wp\/v2\/pages\/101512\/revisions"}],"wp:attachment":[{"href":"https:\/\/danidrops.com.br\/es\/wp-json\/wp\/v2\/media?parent=101512"}],"curies":[{"name":"gracias","href":"https:\/\/api.w.org\/{rel}","templated":true}]}}