{"id":101515,"date":"2025-08-02T15:35:40","date_gmt":"2025-08-02T18:35:40","guid":{"rendered":"https:\/\/danidrops.com.br\/?page_id=101515"},"modified":"2025-08-02T15:37:39","modified_gmt":"2025-08-02T18:37:39","slug":"politica-de-privacidad","status":"publish","type":"page","link":"https:\/\/danidrops.com.br\/es\/politica-de-privacidad\/","title":{"rendered":"Pol\u00edtica de privacidad"},"content":{"rendered":"<h2 class=\"wp-block-heading\">pol\u00edtica de privacidad<\/h2>\n\n\n\n<p>Su privacidad es importante para nosotros. La pol\u00edtica de danidrops.com.br es respetar su privacidad con respecto a cualquier informaci\u00f3n que recopilemos de usted en el sitio web.&nbsp;<a href=\"https:\/\/danidrops.com.br\/es\/\">danidrops.com.br<\/a>y otros sitios web que poseemos y operamos.<\/p>\n\n\n\n<p>Solo solicitamos informaci\u00f3n personal cuando realmente la necesitamos para brindarle un servicio. Hacemos esto por medios justos y legales, con su conocimiento y consentimiento. Tambi\u00e9n le decimos por qu\u00e9 lo recopilamos y c\u00f3mo se utilizar\u00e1.<\/p>\n\n\n\n<p>Solo conservamos la informaci\u00f3n recopilada durante el tiempo que sea necesario para proporcionar el servicio solicitado. Cuando almacenamos datos, los protegemos dentro de los medios comercialmente aceptables para evitar p\u00e9rdidas y robos, as\u00ed como acceso, divulgaci\u00f3n, copia, uso o modificaci\u00f3n no autorizados.<\/p>\n\n\n\n<p>No compartimos informaci\u00f3n de identificaci\u00f3n personal p\u00fablicamente o con terceros, excepto seg\u00fan lo exija la ley.<\/p>\n\n\n\n<p>Nuestro sitio web puede tener enlaces a sitios web externos que no son operados por nosotros. Tenga en cuenta que no tenemos control sobre el contenido y las pr\u00e1cticas de estos sitios y no podemos aceptar responsabilidad por sus respectivas pol\u00edticas de privacidad.<\/p>\n\n\n\n<p>Usted es libre de rechazar nuestra solicitud de informaci\u00f3n personal, en el entendimiento de que es posible que no podamos brindarle algunos de los servicios que necesita.<\/p>\n\n\n\n<p>Su uso continuado de nuestro sitio web se considerar\u00e1 como la aceptaci\u00f3n de nuestras pr\u00e1cticas sobre privacidad e informaci\u00f3n personal. Si tiene alguna pregunta sobre c\u00f3mo manejamos los datos de los usuarios y la informaci\u00f3n personal, comun\u00edquese con nosotros.<\/p>\n\n\n\n<ul class=\"wp-block-list\">\n<li>El servicio Google AdSense que utilizamos para publicar anuncios utiliza una cookie de DoubleClick para publicar anuncios m\u00e1s relevantes en la web y limitar la cantidad de veces que se le muestra un anuncio en particular.<\/li>\n\n\n\n<li>Para obtener m\u00e1s informaci\u00f3n sobre AdSense, consulte las preguntas frecuentes oficiales sobre la privacidad de AdSense.<\/li>\n\n\n\n<li>Usamos anuncios para compensar los costos de funcionamiento de este sitio y para proporcionar fondos para desarrollos futuros. Las cookies de publicidad conductual utilizadas por este sitio web est\u00e1n dise\u00f1adas para garantizar que proporcione los anuncios m\u00e1s relevantes siempre que sea posible, rastreando de forma an\u00f3nima sus intereses y presentando cosas similares que pueden ser de su inter\u00e9s.<\/li>\n\n\n\n<li>Varios socios anuncian en nuestro nombre y las cookies de seguimiento de afiliados simplemente nos permiten ver si nuestros clientes accedieron al sitio a trav\u00e9s de uno de los sitios web de nuestros socios para que podamos acreditarlos adecuadamente y, cuando corresponda, permitir que nuestros socios afiliados ofrezcan cualquier promoci\u00f3n que pueda proporcionarle para realizar una compra.<\/li>\n<\/ul>\n\n\n\n<h3 class=\"wp-block-heading\">Compromiso del usuario<\/h3>\n\n\n\n<p>El usuario se obliga a hacer un uso correcto de los contenidos e informaci\u00f3n que danidrops.com.br ofrece en el sitio web y con car\u00e1cter enunciativo, pero no limitativo:<\/p>\n\n\n\n<ul class=\"wp-block-list\">\n<li>a) No realizar actividades ilegales o contrarias a la buena fe y al orden p\u00fablico;<\/li>\n\n\n\n<li>B) No difundir propaganda o contenidos de car\u00e1cter racista, xen\u00f3fobo, de juegos de azar, cualquier tipo de pornograf\u00eda ilegal, de apolog\u00eda del terrorismo o atentatorio contra los derechos humanos;<\/li>\n\n\n\n<li>C) No provocar da\u00f1os en los sistemas f\u00edsicos (hardware) y l\u00f3gicos (software) de danidrops.com.br, de sus proveedores o de terceras personas, introducir o difundir virus inform\u00e1ticos o cualquier otro sistema hardware o software que sea susceptible de provocar da\u00f1os mencionado anteriormente.<\/li>\n<\/ul>\n\n\n\n<h3 class=\"wp-block-heading\">Mas informaciones<\/h3>\n\n\n\n<p>Con suerte, esto est\u00e1 claro y, como se mencion\u00f3 anteriormente, si hay algo que no est\u00e1 seguro de necesitar o no, generalmente es m\u00e1s seguro dejar las cookies habilitadas en caso de que interact\u00fae con una de las funciones que usa en nuestro sitio.<\/p>\n\n\n\n<p>Esta pol\u00edtica entra en vigor a partir del 2 de agosto de 2025 a las 18:32.<\/p>","protected":false},"excerpt":{"rendered":"<p>Pol\u00edtica Privacidade A sua privacidade \u00e9 importante para n\u00f3s. \u00c9 pol\u00edtica do danidrops.com.br respeitar a sua privacidade em rela\u00e7\u00e3o a qualquer informa\u00e7\u00e3o sua que possamos&hellip;<\/p>","protected":false},"author":1,"featured_media":0,"parent":0,"menu_order":0,"comment_status":"closed","ping_status":"closed","template":"","meta":{"footnotes":""},"class_list":["post-101515","page","type-page","status-publish","hentry"],"_links":{"self":[{"href":"https:\/\/danidrops.com.br\/es\/wp-json\/wp\/v2\/pages\/101515","targetHints":{"allow":["GET"]}}],"collection":[{"href":"https:\/\/danidrops.com.br\/es\/wp-json\/wp\/v2\/pages"}],"about":[{"href":"https:\/\/danidrops.com.br\/es\/wp-json\/wp\/v2\/types\/page"}],"author":[{"embeddable":true,"href":"https:\/\/danidrops.com.br\/es\/wp-json\/wp\/v2\/users\/1"}],"replies":[{"embeddable":true,"href":"https:\/\/danidrops.com.br\/es\/wp-json\/wp\/v2\/comments?post=101515"}],"version-history":[{"count":0,"href":"https:\/\/danidrops.com.br\/es\/wp-json\/wp\/v2\/pages\/101515\/revisions"}],"wp:attachment":[{"href":"https:\/\/danidrops.com.br\/es\/wp-json\/wp\/v2\/media?parent=101515"}],"curies":[{"name":"gracias","href":"https:\/\/api.w.org\/{rel}","templated":true}]}}