{"id":101512,"date":"2025-08-02T15:29:17","date_gmt":"2025-08-02T18:29:17","guid":{"rendered":"https:\/\/danidrops.com.br\/?page_id=101512"},"modified":"2025-08-02T15:29:19","modified_gmt":"2025-08-02T18:29:19","slug":"avis-publicitaire","status":"publish","type":"page","link":"https:\/\/danidrops.com.br\/fr\/avis-publicitaire\/","title":{"rendered":"Avis de publicit\u00e9"},"content":{"rendered":"<h3 class=\"wp-block-heading\">INFORMATIONS G\u00c9N\u00c9RALES<\/h3>\n\n\n\n<p>Sur <strong>dani<\/strong>(<strong>mode, maquillage, cheveux, ongles et style de vie<\/strong>.<strong>ne doit pas \u00eatre interpr\u00e9t\u00e9 comme un conseil professionnel, financier, m\u00e9dical ou technique<\/strong>.<\/p>\n\n\n\n<p>En utilisant le Site, vous acceptez cet Avis Publicitaire, en plus de nos <a href=\"https:\/\/danidrops.com.br\/fr\/politique-de-confidentialite-2\/\" data-type=\"link\" data-id=\"https:\/\/danidrops.com.br\/politica-de-privacidade\/\"><strong>Conditions d&#039;utilisation<\/strong> et <strong>politique de confidentialit\u00e9<\/strong><\/a>. Revenu<\/p>\n\n\n\n<h3 class=\"wp-block-heading\">CLAUSE DE NON-RESPONSABILIT\u00c9<\/h3>\n\n\n\n<p>Le contenu de la <strong>Dani Gouttes<\/strong> a du caract\u00e8re <strong>informatif<\/strong>Bien que nous nous engagions \u00e0 fournir des informations pertinentes, <strong>ne remplace pas les conseils de professionnels qualifi\u00e9s<\/strong>.<\/p>\n\n\n\n<h3 class=\"wp-block-heading\">PARTENARIATS ET LIENS D&#039;AFFILIATION<\/h3>\n\n\n\n<p>Le site danidrops.com.br participe \u00e0 <strong>programmes d&#039;affiliation<\/strong> et garde <strong>partenariats avec des marques<\/strong>.<\/p>\n\n\n\n<p>Cependant, ceci <strong>n&#039;influence pas le contenu que nous produisons<\/strong>Nous ne recommandons que des produits et services auxquels nous croyons vraiment. L&#039;utilisation de liens est totalement facultative. <strong>Votre confiance est essentielle pour nous.<\/strong><\/p>\n\n\n\n<h3 class=\"wp-block-heading\">DIVULGATION DE L&#039;ANNONCEUR<\/h3>\n\n\n\n<p>Le site Web danidrops.com.br est une plateforme <strong>ind\u00e9pendant<\/strong>, financ\u00e9 en partie par <strong>publicit\u00e9<\/strong>Notre objectif est d&#039;offrir <strong>contenu gratuit, original et impartial<\/strong> pour vous aider \u00e0 prendre des d\u00e9cisions plus \u00e9clair\u00e9es concernant votre style.<\/p>\n\n\n\n<p>Nous nous effor\u00e7ons de maintenir notre contenu \u00e0 jour et pr\u00e9cis. Cependant, nous comprenons que la situation de chacun est diff\u00e9rente. C&#039;est pourquoi les conseils pr\u00e9sent\u00e9s ici sont pertinents. <strong>peut ne pas s&#039;appliquer parfaitement \u00e0 votre cas<\/strong>Nous soulignons que <strong>nous ne sommes pas des conseillers financiers ni des professionnels de la sant\u00e9<\/strong>.<\/p>\n\n\n\n<h3 class=\"wp-block-heading\">DIVULGATION \u00c9DITORIALE<\/h3>\n\n\n\n<p>Les opinions exprim\u00e9es dans les articles refl\u00e8tent <strong>exclusivement le point de vue des auteurs<\/strong>. Les entreprises mentionn\u00e9es <strong>ne pas influencer ni r\u00e9viser le contenu \u00e9ditorial<\/strong>. Cependant, nous vous recommandons de v\u00e9rifier les informations directement aupr\u00e8s des sources officielles pour confirmer les donn\u00e9es ou les mises \u00e0 jour.<\/p>\n\n\n\n<h3 class=\"wp-block-heading\">EXON\u00c9RATION SUR LES GAINS<\/h3>\n\n\n\n<p>Dans le contenu qui mentionne les b\u00e9n\u00e9fices, les finances ou la croissance professionnelle, nous soulignons que <strong>les r\u00e9sultats peuvent varier<\/strong>Construire une carri\u00e8re, une entreprise ou atteindre des objectifs n\u00e9cessite des efforts, de la patience et un apprentissage constant. <strong>Nous ne garantissons pas que vous obtiendrez les m\u00eames r\u00e9sultats mentionn\u00e9s.<\/strong><\/p>\n\n\n\n<h3 class=\"wp-block-heading\">CONTENU SPONSORIS\u00c9<\/h3>\n\n\n\n<p>Nous publions occasionnellement <strong>contenu sponsoris\u00e9<\/strong>Ils peuvent contenir des informations utiles, mais <strong>ne repr\u00e9sentent pas des garanties de succ\u00e8s<\/strong>Nous vous recommandons de mener vos propres recherches avant de prendre une d\u00e9cision bas\u00e9e sur ce type de contenu.<\/p>\n\n\n\n<h3 class=\"wp-block-heading\">PROJECTIONS ET ATTENTES<\/h3>\n\n\n\n<p>Certains contenus peuvent apporter <strong>pr\u00e9dictions ou tendances<\/strong> sur le comportement, la mode ou le march\u00e9. Ces projections refl\u00e8tent nos opinions et nos <strong>ne doivent pas \u00eatre consid\u00e9r\u00e9es comme des promesses<\/strong>Utilisez ce type d\u2019informations \u00e0 bon escient.<\/p>\n\n\n\n<h3 class=\"wp-block-heading\">AUCUNE GARANTIE<\/h3>\n\n\n\n<p>Le contenu publi\u00e9 sur danidrops.com.br est propos\u00e9 <strong>&quot;comment vas-tu&quot;<\/strong>Nous travaillons pour garantir que tout est correct et \u00e0 jour, mais <strong>nous n&#039;assumons aucune responsabilit\u00e9 pour les erreurs, omissions ou informations obsol\u00e8tes<\/strong>.<\/p>\n\n\n\n<h3 class=\"wp-block-heading\">LIMITATION DE RESPONSABILIT\u00c9<\/h3>\n\n\n\n<p>En utilisant le site Web danidrops.com.br, vous acceptez que <strong>nous ne sommes pas responsables des pertes directes ou indirectes<\/strong> caus\u00e9s par l&#039;utilisation des informations, produits ou services mentionn\u00e9s sur le site.<\/p>\n\n\n\n<h3 class=\"wp-block-heading\">CONSID\u00c9RATIONS FINALES<\/h3>\n\n\n\n<p>Notre engagement est de <strong>transparence et confiance<\/strong>Nous travaillons dur pour fournir un contenu pertinent et honn\u00eate. Cependant, <strong>nous ne fournissons aucun conseil personnalis\u00e9 d&#039;aucune sorte<\/strong>. Chaque fois que vous avez des doutes plus profonds, <strong>consulter un professionnel qualifi\u00e9<\/strong>.<\/p>\n\n\n\n<p><strong>Merci de faire partie de la communaut\u00e9 Dani Drops \ud83d\udc96<\/strong><\/p>","protected":false},"excerpt":{"rendered":"<p>Les informations g\u00e9n\u00e9rales concernant Dani (mode, maquillage, coiffure, ongles et lifestyle) ne doivent pas \u00eatre interpr\u00e9t\u00e9es comme des conseils professionnels, financiers, m\u00e9dicaux ou techniques. En utilisant ce site, vous acceptez\u2026<\/p>","protected":false},"author":1,"featured_media":0,"parent":0,"menu_order":0,"comment_status":"closed","ping_status":"closed","template":"","meta":{"footnotes":""},"class_list":["post-101512","page","type-page","status-publish","hentry"],"_links":{"self":[{"href":"https:\/\/danidrops.com.br\/fr\/wp-json\/wp\/v2\/pages\/101512","targetHints":{"allow":["GET"]}}],"collection":[{"href":"https:\/\/danidrops.com.br\/fr\/wp-json\/wp\/v2\/pages"}],"about":[{"href":"https:\/\/danidrops.com.br\/fr\/wp-json\/wp\/v2\/types\/page"}],"author":[{"embeddable":true,"href":"https:\/\/danidrops.com.br\/fr\/wp-json\/wp\/v2\/users\/1"}],"replies":[{"embeddable":true,"href":"https:\/\/danidrops.com.br\/fr\/wp-json\/wp\/v2\/comments?post=101512"}],"version-history":[{"count":0,"href":"https:\/\/danidrops.com.br\/fr\/wp-json\/wp\/v2\/pages\/101512\/revisions"}],"wp:attachment":[{"href":"https:\/\/danidrops.com.br\/fr\/wp-json\/wp\/v2\/media?parent=101512"}],"curies":[{"name":"wp","href":"https:\/\/api.w.org\/{rel}","templated":true}]}}