{"id":101515,"date":"2025-08-02T15:35:40","date_gmt":"2025-08-02T18:35:40","guid":{"rendered":"https:\/\/danidrops.com.br\/?page_id=101515"},"modified":"2025-08-02T15:37:39","modified_gmt":"2025-08-02T18:37:39","slug":"politique-de-confidentialite-2","status":"publish","type":"page","link":"https:\/\/danidrops.com.br\/fr\/politique-de-confidentialite-2\/","title":{"rendered":"Politique de confidentialit\u00e9"},"content":{"rendered":"<h2 class=\"wp-block-heading\">politique de confidentialit\u00e9<\/h2>\n\n\n\n<p>Votre vie priv\u00e9e est importante pour nous. La politique de danidrops.com.br est de respecter votre vie priv\u00e9e concernant toute information que nous pouvons recueillir aupr\u00e8s de vous sur le site web.&nbsp;<a href=\"https:\/\/danidrops.com.br\/fr\/\">danidrops.com.br<\/a>, et d&#039;autres sites Web que nous poss\u00e9dons et exploitons.<\/p>\n\n\n\n<p>Nous ne demandons des informations personnelles que lorsque nous en avons vraiment besoin pour vous fournir un service. Nous le faisons par des moyens justes et licites, avec votre connaissance et votre consentement. Nous vous expliquons \u00e9galement pourquoi nous le collectons et comment il sera utilis\u00e9.<\/p>\n\n\n\n<p>Nous ne conservons les informations collect\u00e9es que le temps n\u00e9cessaire pour fournir le service demand\u00e9. Lorsque nous stockons des donn\u00e9es, nous les prot\u00e9geons par des moyens commercialement acceptables pour pr\u00e9venir la perte et le vol, ainsi que l&#039;acc\u00e8s, la divulgation, la copie, l&#039;utilisation ou la modification non autoris\u00e9s.<\/p>\n\n\n\n<p>Nous ne partageons pas d&#039;informations personnellement identifiables publiquement ou avec des tiers, sauf si la loi l&#039;exige.<\/p>\n\n\n\n<p>Notre site Web peut contenir des liens vers des sites Web externes qui ne sont pas exploit\u00e9s par nous. Veuillez noter que nous n&#039;avons aucun contr\u00f4le sur le contenu et les pratiques de ces sites et ne pouvons accepter la responsabilit\u00e9 de leurs politiques de confidentialit\u00e9 respectives.<\/p>\n\n\n\n<p>Vous \u00eates libre de refuser notre demande d&#039;informations personnelles, \u00e9tant entendu que nous ne pourrons peut-\u00eatre pas vous fournir certains des services dont vous avez besoin.<\/p>\n\n\n\n<p>Votre utilisation continue de notre site Web sera consid\u00e9r\u00e9e comme une acceptation de nos pratiques en mati\u00e8re de confidentialit\u00e9 et d&#039;informations personnelles. Si vous avez des questions sur la mani\u00e8re dont nous traitons les donn\u00e9es des utilisateurs et les informations personnelles, veuillez nous contacter.<\/p>\n\n\n\n<ul class=\"wp-block-list\">\n<li>Le service Google AdSense que nous utilisons pour diffuser des annonces utilise un cookie DoubleClick pour diffuser des annonces plus pertinentes sur le Web et limiter le nombre de fois qu&#039;une annonce particuli\u00e8re vous est pr\u00e9sent\u00e9e.<\/li>\n\n\n\n<li>Pour plus d&#039;informations sur AdSense, consultez la FAQ officielle sur la confidentialit\u00e9 d&#039;AdSense.<\/li>\n\n\n\n<li>Nous utilisons des publicit\u00e9s pour compenser les co\u00fbts de fonctionnement de ce site et pour financer les d\u00e9veloppements futurs. Les cookies de publicit\u00e9 comportementale utilis\u00e9s par ce site Web sont con\u00e7us pour garantir que vous fournissiez les publicit\u00e9s les plus pertinentes dans la mesure du possible, en suivant de mani\u00e8re anonyme vos int\u00e9r\u00eats et en pr\u00e9sentant des \u00e9l\u00e9ments similaires susceptibles de vous int\u00e9resser.<\/li>\n\n\n\n<li>Divers partenaires font de la publicit\u00e9 en notre nom et les cookies de suivi des affili\u00e9s nous permettent simplement de voir si nos clients ont acc\u00e9d\u00e9 au site via l&#039;un des sites Web de nos partenaires afin que nous puissions les cr\u00e9diter correctement et, le cas \u00e9ch\u00e9ant, permettre \u00e0 nos partenaires affili\u00e9s d&#039;offrir toute promotion qui pourrait vous fournir pour effectuer un achat.<\/li>\n<\/ul>\n\n\n\n<h3 class=\"wp-block-heading\">Engagement de l&#039;utilisateur<\/h3>\n\n\n\n<p>L&#039;utilisateur s&#039;engage \u00e0 faire bon usage des contenus et informations que danidrops.com.br propose sur le site et \u00e0 caract\u00e8re \u00e9nonciatif mais non limitatif :<\/p>\n\n\n\n<ul class=\"wp-block-list\">\n<li>A) Ne pas se livrer \u00e0 des activit\u00e9s ill\u00e9gales ou contraires \u00e0 la bonne foi et \u00e0 l&#039;ordre public\u00a0;<\/li>\n\n\n\n<li>B) Ne pas diffuser de propagande ou de contenu \u00e0 caract\u00e8re raciste, x\u00e9nophobe, de jeux d\u2019argent, de pornographie ill\u00e9gale de quelque nature que ce soit, en faveur du terrorisme ou contre les droits de l\u2019homme ;<\/li>\n\n\n\n<li>C) Ne pas endommager les syst\u00e8mes physiques (mat\u00e9riels) et logiques (logiciels) de danidrops.com.br, de ses fournisseurs ou de tiers, introduire ou diffuser des virus informatiques ou tout autre syst\u00e8me mat\u00e9riel ou logiciel susceptible de causer des dommages mentionn\u00e9 pr\u00e9c\u00e9demment.<\/li>\n<\/ul>\n\n\n\n<h3 class=\"wp-block-heading\">Plus d&#039;information<\/h3>\n\n\n\n<p>J&#039;esp\u00e8re que cela est clair et, comme mentionn\u00e9 pr\u00e9c\u00e9demment, s&#039;il y a quelque chose dont vous n&#039;\u00eates pas s\u00fbr d&#039;avoir besoin ou non, il est g\u00e9n\u00e9ralement plus s\u00fbr de laisser les cookies activ\u00e9s au cas o\u00f9 ils interagissent avec l&#039;une des fonctionnalit\u00e9s que vous utilisez sur notre site.<\/p>\n\n\n\n<p>Cette politique est en vigueur \u00e0 compter du 2 ao\u00fbt 2025 \u00e0 18h32.<\/p>","protected":false},"excerpt":{"rendered":"<p>Politique de confidentialit\u00e9\u00a0: Votre vie priv\u00e9e est importante pour nous. La politique de danidrops.com.br est de respecter votre vie priv\u00e9e concernant toute information que nous pourrions partager \u00e0 votre sujet.<\/p>","protected":false},"author":1,"featured_media":0,"parent":0,"menu_order":0,"comment_status":"closed","ping_status":"closed","template":"","meta":{"footnotes":""},"class_list":["post-101515","page","type-page","status-publish","hentry"],"_links":{"self":[{"href":"https:\/\/danidrops.com.br\/fr\/wp-json\/wp\/v2\/pages\/101515","targetHints":{"allow":["GET"]}}],"collection":[{"href":"https:\/\/danidrops.com.br\/fr\/wp-json\/wp\/v2\/pages"}],"about":[{"href":"https:\/\/danidrops.com.br\/fr\/wp-json\/wp\/v2\/types\/page"}],"author":[{"embeddable":true,"href":"https:\/\/danidrops.com.br\/fr\/wp-json\/wp\/v2\/users\/1"}],"replies":[{"embeddable":true,"href":"https:\/\/danidrops.com.br\/fr\/wp-json\/wp\/v2\/comments?post=101515"}],"version-history":[{"count":0,"href":"https:\/\/danidrops.com.br\/fr\/wp-json\/wp\/v2\/pages\/101515\/revisions"}],"wp:attachment":[{"href":"https:\/\/danidrops.com.br\/fr\/wp-json\/wp\/v2\/media?parent=101515"}],"curies":[{"name":"wp","href":"https:\/\/api.w.org\/{rel}","templated":true}]}}