{"id":101515,"date":"2025-08-02T15:35:40","date_gmt":"2025-08-02T18:35:40","guid":{"rendered":"https:\/\/danidrops.com.br\/?page_id=101515"},"modified":"2025-08-02T15:37:39","modified_gmt":"2025-08-02T18:37:39","slug":"politica-sulla-riservatezza","status":"publish","type":"page","link":"https:\/\/danidrops.com.br\/it\/politica-sulla-riservatezza\/","title":{"rendered":"politica sulla riservatezza"},"content":{"rendered":"<h2 class=\"wp-block-heading\">politica sulla riservatezza<\/h2>\n\n\n\n<p>La tua privacy \u00e8 importante per noi. La politica di danidrops.com.br \u00e8 quella di rispettare la tua privacy in relazione a qualsiasi informazione che potremmo raccogliere da te sul sito web.&nbsp;<a href=\"https:\/\/danidrops.com.br\/it\/\">danidrops.com.br<\/a>e altri siti Web che possediamo e gestiamo.<\/p>\n\n\n\n<p>Chiediamo informazioni personali solo quando ne abbiamo davvero bisogno per fornirti un servizio. Lo facciamo con mezzi equi e leciti, con la tua conoscenza e il tuo consenso. Ti diciamo anche perch\u00e9 lo stiamo raccogliendo e come verr\u00e0 utilizzato.<\/p>\n\n\n\n<p>Conserviamo le informazioni raccolte solo per il tempo necessario a fornire il servizio richiesto. Quando memorizziamo i dati, li proteggiamo con mezzi commercialmente accettabili per prevenire la perdita e il furto, nonch\u00e9 l&#039;accesso, la divulgazione, la copia, l&#039;uso o la modifica non autorizzati.<\/p>\n\n\n\n<p>Non condividiamo informazioni di identificazione personale pubblicamente o con terze parti, ad eccezione di quanto richiesto dalla legge.<\/p>\n\n\n\n<p>Il nostro sito Web pu\u00f2 contenere collegamenti a siti Web esterni che non sono gestiti da noi. Tieni presente che non abbiamo alcun controllo sul contenuto e sulle pratiche di questi siti e non possiamo assumerci la responsabilit\u00e0 delle rispettive politiche sulla privacy.<\/p>\n\n\n\n<p>Sei libero di rifiutare la nostra richiesta di informazioni personali, con la consapevolezza che potremmo non essere in grado di fornirti alcuni dei servizi di cui hai bisogno.<\/p>\n\n\n\n<p>L&#039;uso continuato del nostro sito Web sar\u00e0 considerato accettazione delle nostre pratiche in materia di privacy e informazioni personali. In caso di domande su come gestiamo i dati degli utenti e le informazioni personali, contattaci.<\/p>\n\n\n\n<ul class=\"wp-block-list\">\n<li>Il servizio Google AdSense che utilizziamo per pubblicare annunci utilizza un cookie DoubleClick per pubblicare annunci pi\u00f9 pertinenti sul Web e limitare il numero di volte in cui un determinato annuncio ti viene mostrato.<\/li>\n\n\n\n<li>Per ulteriori informazioni su AdSense, consulta le Domande frequenti sulla privacy di AdSense ufficiali.<\/li>\n\n\n\n<li>Utilizziamo annunci pubblicitari per compensare i costi di gestione di questo sito e per fornire finanziamenti per sviluppi futuri. I cookie di pubblicit\u00e0 comportamentale utilizzati da questo sito Web sono progettati per garantire che tu fornisca gli annunci pubblicitari pi\u00f9 pertinenti quando possibile, tracciando in modo anonimo i tuoi interessi e presentando cose simili che potrebbero interessarti.<\/li>\n\n\n\n<li>Vari partner pubblicizzano per nostro conto e i cookie di monitoraggio degli affiliati ci consentono semplicemente di vedere se i nostri clienti hanno effettuato l&#039;accesso al sito tramite uno dei siti Web dei nostri partner in modo da poterli accreditare correttamente e, ove applicabile, consentire ai nostri partner affiliati di offrire qualsiasi promozione che potrebbe fornirti per effettuare un acquisto.<\/li>\n<\/ul>\n\n\n\n<h3 class=\"wp-block-heading\">Impegno dell&#039;utente<\/h3>\n\n\n\n<p>L&#039;utente si impegna a fare un uso corretto dei contenuti e delle informazioni che danidrops.com.br offre sul sito Web e con un carattere enunciativo, ma non limitativo:<\/p>\n\n\n\n<ul class=\"wp-block-list\">\n<li>A) Non svolgere attivit\u00e0 illegali o contrarie alla buona fede e all&#039;ordine pubblico;<\/li>\n\n\n\n<li>B) Non diffondere propaganda o contenuti di natura razzista, xenofoba, di gioco d&#039;azzardo, di qualsiasi tipo di pornografia illegale, a sostegno del terrorismo o contro i diritti umani;<\/li>\n\n\n\n<li>C) Non causare danni ai sistemi fisici (hardware) e logici (software) di danidrops.com.br, dei suoi fornitori o di terzi, per introdurre o diffondere virus informatici o qualsiasi altro sistema hardware o software in grado di causare danni menzionato in precedenza.<\/li>\n<\/ul>\n\n\n\n<h3 class=\"wp-block-heading\">Maggiori informazioni<\/h3>\n\n\n\n<p>Speriamo che questo sia chiaro e, come accennato in precedenza, se c&#039;\u00e8 qualcosa di cui non sei sicuro di aver bisogno o meno, \u00e8 generalmente pi\u00f9 sicuro lasciare i cookie abilitati nel caso in cui interagisca con una delle funzionalit\u00e0 che utilizzi sul nostro sito.<\/p>\n\n\n\n<p>La presente politica \u00e8 in vigore dal 2 agosto 2025 alle ore 18:32<\/p>","protected":false},"excerpt":{"rendered":"<p>Pol\u00edtica Privacidade A sua privacidade \u00e9 importante para n\u00f3s. \u00c9 pol\u00edtica do danidrops.com.br respeitar a sua privacidade em rela\u00e7\u00e3o a qualquer informa\u00e7\u00e3o sua que possamos&hellip;<\/p>","protected":false},"author":1,"featured_media":0,"parent":0,"menu_order":0,"comment_status":"closed","ping_status":"closed","template":"","meta":{"footnotes":""},"class_list":["post-101515","page","type-page","status-publish","hentry"],"_links":{"self":[{"href":"https:\/\/danidrops.com.br\/it\/wp-json\/wp\/v2\/pages\/101515","targetHints":{"allow":["GET"]}}],"collection":[{"href":"https:\/\/danidrops.com.br\/it\/wp-json\/wp\/v2\/pages"}],"about":[{"href":"https:\/\/danidrops.com.br\/it\/wp-json\/wp\/v2\/types\/page"}],"author":[{"embeddable":true,"href":"https:\/\/danidrops.com.br\/it\/wp-json\/wp\/v2\/users\/1"}],"replies":[{"embeddable":true,"href":"https:\/\/danidrops.com.br\/it\/wp-json\/wp\/v2\/comments?post=101515"}],"version-history":[{"count":0,"href":"https:\/\/danidrops.com.br\/it\/wp-json\/wp\/v2\/pages\/101515\/revisions"}],"wp:attachment":[{"href":"https:\/\/danidrops.com.br\/it\/wp-json\/wp\/v2\/media?parent=101515"}],"curies":[{"name":"parola chiave","href":"https:\/\/api.w.org\/{rel}","templated":true}]}}